{"id":16,"date":"2023-10-21T03:12:34","date_gmt":"2023-10-21T03:12:34","guid":{"rendered":"https:\/\/aviatikahb.cz\/wp58\/?page_id=16"},"modified":"2024-01-15T11:16:44","modified_gmt":"2024-01-15T10:16:44","slug":"o-projektu","status":"publish","type":"page","link":"https:\/\/aviatikahb.cz\/wp58\/o-projektu\/","title":{"rendered":"O projektu"},"content":{"rendered":"\t\t<div data-elementor-type=\"wp-page\" data-elementor-id=\"16\" class=\"elementor elementor-16\">\n\t\t\t\t\t\t\t<div class=\"elementor-element elementor-element-219c33c3 e-con-full e-flex e-con e-parent\" data-id=\"219c33c3\" data-element_type=\"container\" data-settings=\"{&quot;content_width&quot;:&quot;full&quot;,&quot;background_background&quot;:&quot;classic&quot;}\" data-core-v316-plus=\"true\">\n\t\t\t\t<div class=\"elementor-element elementor-element-76c372f6 elementor-widget elementor-widget-heading\" data-id=\"76c372f6\" data-element_type=\"widget\" data-widget_type=\"heading.default\">\n\t\t\t\t<div class=\"elementor-widget-container\">\n\t\t\t<style>\/*! elementor - v3.17.0 - 25-10-2023 *\/\n.elementor-heading-title{padding:0;margin:0;line-height:1}.elementor-widget-heading .elementor-heading-title[class*=elementor-size-]>a{color:inherit;font-size:inherit;line-height:inherit}.elementor-widget-heading .elementor-heading-title.elementor-size-small{font-size:15px}.elementor-widget-heading .elementor-heading-title.elementor-size-medium{font-size:19px}.elementor-widget-heading .elementor-heading-title.elementor-size-large{font-size:29px}.elementor-widget-heading .elementor-heading-title.elementor-size-xl{font-size:39px}.elementor-widget-heading .elementor-heading-title.elementor-size-xxl{font-size:59px}<\/style><h1 class=\"elementor-heading-title elementor-size-default\">Projekt pam\u00e1tn\u00edku AVIATIKA<\/h1>\t\t<\/div>\n\t\t\t\t<\/div>\n\t\t\t\t<\/div>\n\t\t<div class=\"elementor-element elementor-element-2dea6b7f e-con-full e-flex e-con e-parent\" data-id=\"2dea6b7f\" data-element_type=\"container\" data-settings=\"{&quot;content_width&quot;:&quot;full&quot;,&quot;background_background&quot;:&quot;gradient&quot;}\" data-core-v316-plus=\"true\">\n\t\t<div class=\"elementor-element elementor-element-b8e25b3 e-con-full e-flex e-con e-child\" data-id=\"b8e25b3\" data-element_type=\"container\" data-settings=\"{&quot;content_width&quot;:&quot;full&quot;,&quot;background_background&quot;:&quot;gradient&quot;}\">\n\t\t<div class=\"elementor-element elementor-element-ff86de7 e-con-full e-flex e-con e-child\" data-id=\"ff86de7\" data-element_type=\"container\" data-settings=\"{&quot;content_width&quot;:&quot;full&quot;}\">\n\t\t\t\t<div class=\"elementor-element elementor-element-5ebc583 elementor-align-center elementor-widget__width-initial elementor-widget elementor-widget-button\" data-id=\"5ebc583\" data-element_type=\"widget\" data-widget_type=\"button.default\">\n\t\t\t\t<div class=\"elementor-widget-container\">\n\t\t\t\t\t<div class=\"elementor-button-wrapper\">\n\t\t\t<a class=\"elementor-button elementor-button-link elementor-size-md\" href=\"https:\/\/aviatikahb.cz\/wp58\/o-projektu\/\">\n\t\t\t\t\t\t<span class=\"elementor-button-content-wrapper\">\n\t\t\t\t\t\t<span class=\"elementor-button-icon elementor-align-icon-left\">\n\t\t\t\t<i aria-hidden=\"true\" class=\"fas fa-project-diagram\"><\/i>\t\t\t<\/span>\n\t\t\t\t\t\t<span class=\"elementor-button-text\">O projektu<\/span>\n\t\t<\/span>\n\t\t\t\t\t<\/a>\n\t\t<\/div>\n\t\t\t\t<\/div>\n\t\t\t\t<\/div>\n\t\t\t\t<\/div>\n\t\t<div class=\"elementor-element elementor-element-a86f101 e-con-full e-flex e-con e-child\" data-id=\"a86f101\" data-element_type=\"container\" data-settings=\"{&quot;content_width&quot;:&quot;full&quot;}\">\n\t\t\t\t<div class=\"elementor-element elementor-element-030ff1e elementor-align-center elementor-widget__width-initial elementor-widget elementor-widget-button\" data-id=\"030ff1e\" data-element_type=\"widget\" data-widget_type=\"button.default\">\n\t\t\t\t<div class=\"elementor-widget-container\">\n\t\t\t\t\t<div class=\"elementor-button-wrapper\">\n\t\t\t<a class=\"elementor-button elementor-button-link elementor-size-md\" href=\"https:\/\/aviatikahb.cz\/wp58\/odhaleni\/\">\n\t\t\t\t\t\t<span class=\"elementor-button-content-wrapper\">\n\t\t\t\t\t\t<span class=\"elementor-button-icon elementor-align-icon-left\">\n\t\t\t\t<i aria-hidden=\"true\" class=\"fas fa-comment\"><\/i>\t\t\t<\/span>\n\t\t\t\t\t\t<span class=\"elementor-button-text\">Ud\u00e1losti<\/span>\n\t\t<\/span>\n\t\t\t\t\t<\/a>\n\t\t<\/div>\n\t\t\t\t<\/div>\n\t\t\t\t<\/div>\n\t\t\t\t<\/div>\n\t\t<div class=\"elementor-element elementor-element-8aee1c4 e-con-full e-flex e-con e-child\" data-id=\"8aee1c4\" data-element_type=\"container\" data-settings=\"{&quot;content_width&quot;:&quot;full&quot;}\">\n\t\t\t\t<div class=\"elementor-element elementor-element-e813dec elementor-align-center elementor-widget elementor-widget-button\" data-id=\"e813dec\" data-element_type=\"widget\" data-widget_type=\"button.default\">\n\t\t\t\t<div class=\"elementor-widget-container\">\n\t\t\t\t\t<div class=\"elementor-button-wrapper\">\n\t\t\t<a class=\"elementor-button elementor-button-link elementor-size-md\" href=\"https:\/\/aviatikahb.cz\/wp58\/osobnosti\/\">\n\t\t\t\t\t\t<span class=\"elementor-button-content-wrapper\">\n\t\t\t\t\t\t<span class=\"elementor-button-icon elementor-align-icon-left\">\n\t\t\t\t<i aria-hidden=\"true\" class=\"far fa-id-card\"><\/i>\t\t\t<\/span>\n\t\t\t\t\t\t<span class=\"elementor-button-text\">Osobnosti<\/span>\n\t\t<\/span>\n\t\t\t\t\t<\/a>\n\t\t<\/div>\n\t\t\t\t<\/div>\n\t\t\t\t<\/div>\n\t\t\t\t<\/div>\n\t\t<div class=\"elementor-element elementor-element-358866a e-con-full e-flex e-con e-child\" data-id=\"358866a\" data-element_type=\"container\" data-settings=\"{&quot;content_width&quot;:&quot;full&quot;}\">\n\t\t\t\t<div class=\"elementor-element elementor-element-388713c elementor-align-center elementor-widget elementor-widget-button\" data-id=\"388713c\" data-element_type=\"widget\" data-widget_type=\"button.default\">\n\t\t\t\t<div class=\"elementor-widget-container\">\n\t\t\t\t\t<div class=\"elementor-button-wrapper\">\n\t\t\t<a class=\"elementor-button elementor-button-link elementor-size-md\" href=\"https:\/\/aviatikahb.cz\/wp58\/kultura\/\">\n\t\t\t\t\t\t<span class=\"elementor-button-content-wrapper\">\n\t\t\t\t\t\t<span class=\"elementor-button-icon elementor-align-icon-left\">\n\t\t\t\t<i aria-hidden=\"true\" class=\"fas fa-film\"><\/i>\t\t\t<\/span>\n\t\t\t\t\t\t<span class=\"elementor-button-text\">Kultura<\/span>\n\t\t<\/span>\n\t\t\t\t\t<\/a>\n\t\t<\/div>\n\t\t\t\t<\/div>\n\t\t\t\t<\/div>\n\t\t\t\t<\/div>\n\t\t<div class=\"elementor-element elementor-element-68f3bac e-con-full e-flex e-con e-child\" data-id=\"68f3bac\" data-element_type=\"container\" data-settings=\"{&quot;content_width&quot;:&quot;full&quot;}\">\n\t\t\t\t<div class=\"elementor-element elementor-element-7b1ff25 elementor-align-center elementor-widget elementor-widget-button\" data-id=\"7b1ff25\" data-element_type=\"widget\" data-widget_type=\"button.default\">\n\t\t\t\t<div class=\"elementor-widget-container\">\n\t\t\t\t\t<div class=\"elementor-button-wrapper\">\n\t\t\t<a class=\"elementor-button elementor-button-link elementor-size-md\" href=\"https:\/\/aviatikahb.cz\/wp58\/kontakt\/\">\n\t\t\t\t\t\t<span class=\"elementor-button-content-wrapper\">\n\t\t\t\t\t\t<span class=\"elementor-button-icon elementor-align-icon-left\">\n\t\t\t\t<i aria-hidden=\"true\" class=\"far fa-envelope\"><\/i>\t\t\t<\/span>\n\t\t\t\t\t\t<span class=\"elementor-button-text\">Kontakty<\/span>\n\t\t<\/span>\n\t\t\t\t\t<\/a>\n\t\t<\/div>\n\t\t\t\t<\/div>\n\t\t\t\t<\/div>\n\t\t\t\t<\/div>\n\t\t\t\t<\/div>\n\t\t\t\t<\/div>\n\t\t<div class=\"elementor-element elementor-element-48220c6f e-con-full e-flex e-con e-parent\" data-id=\"48220c6f\" data-element_type=\"container\" data-settings=\"{&quot;content_width&quot;:&quot;full&quot;,&quot;background_background&quot;:&quot;gradient&quot;}\" data-core-v316-plus=\"true\">\n\t\t<div class=\"elementor-element elementor-element-64f950ec e-con-full e-flex e-con e-child\" data-id=\"64f950ec\" data-element_type=\"container\" data-settings=\"{&quot;content_width&quot;:&quot;full&quot;}\">\n\t\t\t\t<div class=\"elementor-element elementor-element-6a9ac91 elementor-widget elementor-widget-image\" data-id=\"6a9ac91\" data-element_type=\"widget\" data-widget_type=\"image.default\">\n\t\t\t\t<div class=\"elementor-widget-container\">\n\t\t\t<style>\/*! elementor - v3.17.0 - 25-10-2023 *\/\n.elementor-widget-image{text-align:center}.elementor-widget-image a{display:inline-block}.elementor-widget-image a img[src$=\".svg\"]{width:48px}.elementor-widget-image img{vertical-align:middle;display:inline-block}<\/style>\t\t\t\t\t\t\t\t\t\t\t\t<img loading=\"lazy\" decoding=\"async\" width=\"213\" height=\"300\" src=\"https:\/\/aviatikahb.cz\/wp58\/wp-content\/uploads\/2023\/10\/Skener_20221204-31-213x300.jpg\" class=\"elementor-animation-grow attachment-medium size-medium wp-image-95\" alt=\"Lev a letadla\" srcset=\"https:\/\/aviatikahb.cz\/wp58\/wp-content\/uploads\/2023\/10\/Skener_20221204-31-213x300.jpg 213w, https:\/\/aviatikahb.cz\/wp58\/wp-content\/uploads\/2023\/10\/Skener_20221204-31.jpg 727w\" sizes=\"(max-width: 213px) 100vw, 213px\" \/>\t\t\t\t\t\t\t\t\t\t\t\t\t\t\t<\/div>\n\t\t\t\t<\/div>\n\t\t\t\t<\/div>\n\t\t<div class=\"elementor-element elementor-element-12b4165f e-con-full e-flex e-con e-child\" data-id=\"12b4165f\" data-element_type=\"container\" data-settings=\"{&quot;content_width&quot;:&quot;full&quot;}\">\n\t\t\t\t<div class=\"elementor-element elementor-element-671df24 elementor-widget elementor-widget-text-editor\" data-id=\"671df24\" data-element_type=\"widget\" data-widget_type=\"text-editor.default\">\n\t\t\t\t<div class=\"elementor-widget-container\">\n\t\t\t<style>\/*! elementor - v3.17.0 - 25-10-2023 *\/\n.elementor-widget-text-editor.elementor-drop-cap-view-stacked .elementor-drop-cap{background-color:#69727d;color:#fff}.elementor-widget-text-editor.elementor-drop-cap-view-framed .elementor-drop-cap{color:#69727d;border:3px solid;background-color:transparent}.elementor-widget-text-editor:not(.elementor-drop-cap-view-default) .elementor-drop-cap{margin-top:8px}.elementor-widget-text-editor:not(.elementor-drop-cap-view-default) .elementor-drop-cap-letter{width:1em;height:1em}.elementor-widget-text-editor .elementor-drop-cap{float:left;text-align:center;line-height:1;font-size:50px}.elementor-widget-text-editor .elementor-drop-cap-letter{display:inline-block}<\/style>\t\t\t\t<p><strong>AUTOR<\/strong>\u00a0<strong>n\u00e1vrhu a reli\u00e9fu lva, koordin\u00e1tor v\u00fdroby:\u00a0<\/strong><br \/>Radom\u00edr Dvo\u0159\u00e1k, Pod Leti\u0161t\u011bm 1557, Havl\u00ed\u010dk\u016fv Brod\u00a0\u00a0<strong>\u00a0\u00a0\u00a0\u00a0\u00a0\u00a0\u00a0\u00a0\u00a0\u00a0\u00a0\u00a0\u00a0\u00a0\u00a0<\/strong><\/p><p><strong>REALIZACE:<\/strong><br \/>Granit Lipnice s.r.o.<\/p><p><strong>INVESTOR:<\/strong><br \/><a title=\"\" href=\"https:\/\/www.aeroklubhb.cz\/\">AEROKLUB Havl\u00ed\u010dk\u016fv Brod<\/a>, Horn\u00ed Pap\u0161\u00edkov 125, 580 01 Havl\u00ed\u010dk\u016fv Brod<\/p><p><strong>ORGANIZ\u00c1TOR PROJEKTU:<\/strong><br \/>Ing. Tom\u00e1\u0161 Holenda<\/p><p><strong>POPIS D\u00cdLA:<\/strong><br \/>celkov\u00e1 v\u00fd\u0161ka 333 cm, hmotnost 3,65 tuny<br \/>materi\u00e1l: mramor Nehodiv (pozitiv a negativ heraldick\u00e9ho lva), p\u00edskovec Bo\u017eanov<br \/>(druh\u00fd negativ heraldick\u00e9ho lva), \u017eula (pil\u00ed\u0159, vodorovn\u00e9 desky), kov nebo d\u0159evo (leteck\u00e1 vrtule), ocel (osa vrtule, \u010depy ), betonov\u00fd z\u00e1klad.<\/p><p>Symbol lva nen\u00ed jen symbolem n\u00e1rodn\u00edm a st\u00e1tn\u00edm, n\u00fdbr\u017e i p\u0159ipom\u00ednkou prvn\u00edho slavn\u00e9ho brodsk\u00e9ho pilota Lva N\u00e1dhern\u00e9ho.<\/p><p>Tvar lva v pozitivu i v negativu autor vystylizoval c\u00edlen\u011b pro k\u00e1men a strojovou technologii (lanov\u00e1 pila pro p\u00edskovec, mramor i \u017eulu jednotn\u011b) v r\u00e1mci p\u0159\u00edpravy Pam\u00e1tn\u00edku Velk\u00e9 V\u00e1lky v Kali\u0161t\u00edch u Humpolce \/naproti Mahlerovu rodn\u00e9mu domu\/, kter\u00fd jsem v\u0161ak ve v\u011bt\u0161\u00edm m\u011b\u0159\u00edtku realizoval ru\u010dn\u011b a mohl jsem si dovolit (v pevn\u011bj\u0161\u00ed \u017eule z Horky) i ost\u0159ej\u0161\u00ed tvary.<\/p><p>V\u00fdchodiskem t\u00e9to stylizace byl jeho d\u00e1vn\u00fd n\u00e1vrh pro pam\u011btn\u00ed medaili Sen\u00e1tu \u010cR, kter\u00fd se nakonec nerealizoval (oslovila ho tehdy KDU , kter\u00e1 ale vz\u00e1p\u011bt\u00ed\u00a0 po volb\u00e1ch p\u0159echodn\u011b ztratila vliv). D\u016fle\u017eit\u00e9 v\u0161ak pro n\u011bho bylo, \u017ee heraldick\u00e1 komise Sen\u00e1tu jeho stylizaci \u010desk\u00e9ho lva odsouhlasila bez p\u0159ipom\u00ednek a beze zm\u011bn.<\/p><p><strong>SMYSL\u00a0 D\u00cdLA<\/strong><br \/>Pam\u00e1tn\u00edk je\u00a0 materializovanou stopou tradice brodsk\u00e9ho leti\u0161t\u011b a slavn\u00fdch pilot\u016f s n\u00edm spojen\u00fdch. K\u00e1men a Vzduch. T\u00edha a lehkost. V\u011b\u010dnost a prom\u011bnlivost\u2026 Historick\u00fd v\u00fdznam a sv\u011btovou proslulost na\u0161eho leti\u0161t\u011b si autor uv\u011bdomil p\u0159i \u010detb\u011b knihy americk\u00fdch autor\u016f Raymonda F.Tolivera a Trevora J.Constabla SUNDEJTE HARTMANNA! o osudu nejv\u011bt\u0161\u00edho st\u00edhac\u00edho esa v\u0161ech n\u00e1rod\u016f a dob (sice nep\u0159\u00edtel, ale 352 potvrzen\u00fdch sest\u0159el\u016f a 7 v posledn\u00ed chv\u00edli\u00a0 zachr\u00e1n\u011bn\u00fdch brodsk\u00fdch mlad\u00edk\u016f nesouc\u00edch \u010deskoslovenskou vlajku 5.5.1945 ve Vojt\u011b\u0161sk\u00e9 ulici p\u0159ed exekuc\u00ed\u00a0 z rukou fanatik\u016f z \u0159ad SS)\u2026 Ale v\u00fdznamn\u00fdch osobnost\u00ed spjat\u00fdch s brodskou aviatikou je cel\u00e1 \u0159ada. Zat\u00edm je pam\u00e1tn\u00edk\u00a0 zam\u00fd\u0161len v prvn\u00ed f\u00e1zi jako TABULA RASA . Nepopsan\u00fd list. Texty k realizaci do \u017euly p\u0159iprav\u00ed Aeroklub HB, tedy lid\u00e9 bytostn\u011b spjat\u00ed s geniem loci tohoto m\u00edsta. Zda tam bude za\u0159azen tak\u00e9 Erich Hartmann,\u00a0 \u010di nikoli, bude\u00a0 jist\u011b p\u0159edm\u011btem\u00a0 diskuse\u2026<\/p><p>Pil\u00ed\u0159 70 x 50 x 194 cm s \u0159ezan\u00fdm a na svisl\u00fdch ploch\u00e1ch brou\u0161en\u00fdm povrchem 3,3 metru \u010dtvere\u010dn\u00edho poskytuje mo\u017enost realizace text\u016f (trysk\u00e1n\u00edm), kter\u00e9 by mohly p\u0159ipom\u00ednat nap\u0159. jm\u00e9na brodsk\u00fdch pilot\u016f, kte\u0159\u00ed se vepsali do historie \u2026, vojensk\u00e9 i\u00a0sportovn\u00ed,.. . Z\u00e1znamy bude mo\u017en\u00e9\u00a0 pr\u016fb\u011b\u017en\u011b dopl\u0148ovat \u2026<\/p><p>Zadn\u00ed plocha pil\u00ed\u0159e (1,36 metru \u010dtvere\u010dn\u00edho)\u00a0 je u\u010dena pro prezentaci don\u00e1tor\u016f.<\/p><p><strong>CENA<\/strong><br \/>Cenov\u00e1\u00a0 nab\u00eddka\u00a0 Granitu Lipnice (kde jsou uvedeny rozm\u011bry v\u0161ech segment\u016f)\u00a0 je vst\u0159\u00edcn\u00e1, vych\u00e1z\u00ed\u00a0 z toho, \u017ee m\u00e1me k dispozici pozitiv a dva negativy lv\u016f = rezevn\u00ed\u00a0 produkt v\u00fdroby heraldick\u00fdch soch (autor RD), kter\u00e9 z\u00edskaly 2.cenu za kamenick\u00fd v\u00fdrobek na N\u00e1rodn\u00ed kamenick\u00e9 v\u00fdstav\u011b\u00a0 2018 v Ho\u0159ic\u00edch a vz\u00e1p\u011bt\u00ed reprezentovaly firmu na v\u00fdstav\u011b v Norimberku. V\u011bt\u0161ina pozitiv\u016f se komer\u010dn\u011b uplatnila v zahrad\u00e1ch. Jeden pozitiv a dva negativy autor zamluvil p\u0159ed t\u0159emi lety pro tento leteck\u00fd monument a nechal uskladnit ve sv\u00e9 d\u00edln\u011b na Granitu Lipnice. Majitel firmy souhlas\u00ed u t\u011bchto segment\u016f pro n\u00e1\u0161 \u00fa\u010del s cenou symbolicky n\u00edzkou. Za socha\u0159sk\u00e9 pr\u00e1ce (n\u00e1vrh, ru\u010dn\u00ed proveden\u00ed reli\u00e9fu, \u0159\u00edzen\u00ed a kontrola v\u00fdroby, lo\u017eisko a kotven\u00ed vrtule, autorsk\u00fd dozor \u2026) v hodnot\u011b kolem 50 tis\u00edc Radom\u00edr Dvo\u0159\u00e1k nepo\u017eaduje nic. \u0158\u00edk\u00e1: &#8222;Bydl\u00edm toti\u017e v Brod\u011b v ulici Pod Leti\u0161t\u011bm a m\u016fj rodn\u00fd d\u016fm z roku 1937 je s leti\u0161t\u011bm srostl\u00fd a Aeroklub tak\u00e9 ji\u017e podpo\u0159il p\u0159eletem\u00a0 odhalen\u00ed m\u00e9ho d\u00edla \u201eHLAVY XXII\u201c v roce 2013.&#8220;<\/p><p>Jedn\u00e1 se\u00a0 tedy\u00a0 o mimo\u0159\u00e1dnou p\u0159\u00edle\u017eitost a velmi v\u00fdhodnou situaci (pou\u017eit\u00ed ji\u017e vyroben\u00fdch polotovar\u016f, socha\u0159sk\u00e1 d\u00edlna p\u0159\u00edmo v are\u00e1lu kamenick\u00e9 firmy, autor lok\u00e1ln\u00ed patriot\u2026), tak\u017ee monument, jeho\u017e b\u011b\u017en\u00e1 cena p\u0159esahuje milion K\u010d, je uskute\u010dniteln\u00fd za p\u011btinovou nebo i ni\u017e\u0161\u00ed cenu. Tady a te\u010f.<\/p><p>Kotven\u00ed a mont\u00e1\u017e cel\u00e9 \u201estavebnice\u201c sedmi kamenn\u00fdch \u010d\u00e1st\u00ed provede firma Granit Lipnice, tedy odborn\u011b zp\u016fsobil\u00e1. Z d\u016fvod\u016f bezpe\u010dnosti a odolnosti v \u010dase nen\u00ed mo\u017en\u00e9 se pokou\u0161et oblacinit tuto pr\u00e1ci amat\u00e9rskou improvizac\u00ed.<\/p><p>Ve\u0161ker\u00e9 platby p\u016fjdou\u00a0 na \u00fa\u010det Granitu Lipnice s v\u00fdjimkou realizace text\u016f. Zde je t\u0159eba si p\u00edsmo objednat u kamen\u00edka. P\u0159edpokl\u00e1dan\u00e1 cena za znak (litera, \u010d\u00edslice\u2026) = 150 K\u010d.<\/p><p>Radom\u00edr Dvo\u0159\u00e1k by si r\u00e1d ponechal mo\u017enost autorsk\u00e9ho dozoru nad kvalitou proveden\u00ed p\u00edsma. Ide\u00e1ln\u00ed by bylo, aby je provedl po dohod\u011b s Aeroklubem jeho kamen\u00edk Milan Krp\u00e1lek (viz texty na HLAV\u011a XXII), aby litery byly \u010diteln\u00e9 i po des\u00edtk\u00e1ch, stovk\u00e1ch let, respektive tis\u00edc\u00edch let. (Dle odhadu archeolog\u016f ve srovn\u00e1n\u00ed s n\u00e1pisem II. \u0159\u00edmsk\u00e9 legie z roku 179 n.l. na v\u00e1pencov\u00e9 tren\u010d\u00ednsk\u00e9 sk\u00e1le vydr\u017e\u00ed p\u00edsmo v \u0159ezan\u00e9 plo\u0161e\u00a0 \u017euly vyt\u011b\u017een\u00e9 z hloubi lomu 10 000 let) . <em>Odstra\u0161uj\u00edc\u00edch p\u0159\u00edklad\u016f nekvalitn\u00edho p\u00edsma nejen na h\u0159bitovech, ale i na pam\u00e1tn\u00edc\u00edch ve ve\u0159ejn\u00e9m prostoru\u00a0 je mnoho (m\u011blk\u00e9 trysk\u00e1n\u00ed, neostr\u00e9 obrysy kv\u016fli levn\u00e9 tenk\u00e9 a m\u011bkk\u00e9 folii, o nevhodn\u00fdch fontech, rozpalu a\u00a0velikostech\u00a0 aninemluv\u011b\u2026).<\/em><\/p><p>Celkov\u00e1 cena v\u010detn\u011b DPH (192 390,-K\u010d) je srovnateln\u00e1 v kamenick\u00e9m prost\u0159ed\u00ed s\u00a0cenou za\u00a0 dva dvojhroby (tedy s cenou, kterou b\u011b\u017en\u011b plat\u00ed ob\u010dan\u00e9 a rodiny) a\u00a0nebo s cenou\u00a0 dvou soch do priv\u00e1tn\u00edch zahrad.<\/p><figure class=\"wp-block-image size-full is-resized\"><\/figure><p><strong>TRANSPARENTN\u00cd \u00da\u010cET:<\/strong><br \/><a title=\"\" href=\"https:\/\/www.csob.cz\/portal\/firmy\/bezne-ucty\/transparentni-ucty\/ucet?account=318174991\" target=\"_blank\" rel=\"noopener\">Transparentn\u00ed \u00fa\u010det<\/a> pro p\u0159\u00edsp\u011bvky od d\u00e1rc\u016f na podporu pam\u00e1tn\u00edku Aviatika na leti\u0161ti v\u00a0Havl\u00ed\u010dkov\u011b Brod\u011b m\u00e1 \u010d\u00edslo<\/p><p class=\"has-text-align-center\">318174991\/0300<\/p><p>Odkaz na ofici\u00e1ln\u00ed str\u00e1nky Aeroklubu Havl\u00ed\u010dk\u016fv Brod \u2013 \u00a0investora pam\u00e1tn\u00edku AVIATIKA: <a title=\"\" href=\"https:\/\/www.aeroklubhb.cz\/\" target=\"_blank\" rel=\"noopener\">https:\/\/www.aeroklubhb.cz\/<\/a><\/p>\t\t\t\t\t\t<\/div>\n\t\t\t\t<\/div>\n\t\t\t\t<\/div>\n\t\t\t\t<\/div>\n\t\t\t\t\t\t\t<\/div>\n\t\t","protected":false},"excerpt":{"rendered":"<p>Projekt pam\u00e1tn\u00edku AVIATIKA O projektu Ud\u00e1losti Osobnosti Kultura Kontakty AUTOR\u00a0n\u00e1vrhu a reli\u00e9fu lva, koordin\u00e1tor v\u00fdroby:\u00a0Radom\u00edr Dvo\u0159\u00e1k, Pod Leti\u0161t\u011bm 1557, Havl\u00ed\u010dk\u016fv Brod\u00a0\u00a0\u00a0\u00a0\u00a0\u00a0\u00a0\u00a0\u00a0\u00a0\u00a0\u00a0\u00a0\u00a0\u00a0\u00a0\u00a0 REALIZACE:Granit Lipnice s.r.o. INVESTOR:AEROKLUB Havl\u00ed\u010dk\u016fv Brod, Horn\u00ed Pap\u0161\u00edkov 125, 580 01 Havl\u00ed\u010dk\u016fv Brod ORGANIZ\u00c1TOR PROJEKTU:Ing. Tom\u00e1\u0161 Holenda POPIS D\u00cdLA:celkov\u00e1 v\u00fd\u0161ka 333 cm, hmotnost 3,65 tunymateri\u00e1l: mramor Nehodiv (pozitiv a negativ heraldick\u00e9ho lva), p\u00edskovec Bo\u017eanov(druh\u00fd [&hellip;]<\/p>\n","protected":false},"author":1,"featured_media":0,"parent":0,"menu_order":0,"comment_status":"closed","ping_status":"closed","template":"","meta":{"footnotes":""},"_links":{"self":[{"href":"https:\/\/aviatikahb.cz\/wp58\/wp-json\/wp\/v2\/pages\/16"}],"collection":[{"href":"https:\/\/aviatikahb.cz\/wp58\/wp-json\/wp\/v2\/pages"}],"about":[{"href":"https:\/\/aviatikahb.cz\/wp58\/wp-json\/wp\/v2\/types\/page"}],"author":[{"embeddable":true,"href":"https:\/\/aviatikahb.cz\/wp58\/wp-json\/wp\/v2\/users\/1"}],"replies":[{"embeddable":true,"href":"https:\/\/aviatikahb.cz\/wp58\/wp-json\/wp\/v2\/comments?post=16"}],"version-history":[{"count":41,"href":"https:\/\/aviatikahb.cz\/wp58\/wp-json\/wp\/v2\/pages\/16\/revisions"}],"predecessor-version":[{"id":974,"href":"https:\/\/aviatikahb.cz\/wp58\/wp-json\/wp\/v2\/pages\/16\/revisions\/974"}],"wp:attachment":[{"href":"https:\/\/aviatikahb.cz\/wp58\/wp-json\/wp\/v2\/media?parent=16"}],"curies":[{"name":"wp","href":"https:\/\/api.w.org\/{rel}","templated":true}]}}